{"id":218,"date":"2024-08-31T21:17:13","date_gmt":"2024-08-31T21:17:13","guid":{"rendered":"https:\/\/mireillelasme.com\/?page_id=218"},"modified":"2025-01-27T15:02:20","modified_gmt":"2025-01-27T15:02:20","slug":"contact","status":"publish","type":"page","link":"https:\/\/mireillelasme.com\/en\/contact","title":{"rendered":"Contact"},"content":{"rendered":"<div data-elementor-type=\"wp-page\" data-elementor-id=\"218\" class=\"elementor elementor-218\">\n\t\t\t\t<div class=\"elementor-element elementor-element-91372a5 e-flex e-con-boxed sc_inner_width_none sc_layouts_column_icons_position_left e-con e-parent\" data-id=\"91372a5\" data-element_type=\"container\">\n\t\t\t\t\t<div class=\"e-con-inner\">\n\t\t\t\t<div class=\"elementor-element elementor-element-3e16b18 sc_fly_static elementor-widget elementor-widget-spacer\" data-id=\"3e16b18\" data-element_type=\"widget\" data-widget_type=\"spacer.default\">\n\t\t\t\t<div class=\"elementor-widget-container\">\n\t\t\t<style>\/*! elementor - v3.23.0 - 05-08-2024 *\/\n.elementor-column .elementor-spacer-inner{height:var(--spacer-size)}.e-con{--container-widget-width:100%}.e-con-inner>.elementor-widget-spacer,.e-con>.elementor-widget-spacer{width:var(--container-widget-width,var(--spacer-size));--align-self:var(--container-widget-align-self,initial);--flex-shrink:0}.e-con-inner>.elementor-widget-spacer>.elementor-widget-container,.e-con>.elementor-widget-spacer>.elementor-widget-container{height:100%;width:100%}.e-con-inner>.elementor-widget-spacer>.elementor-widget-container>.elementor-spacer,.e-con>.elementor-widget-spacer>.elementor-widget-container>.elementor-spacer{height:100%}.e-con-inner>.elementor-widget-spacer>.elementor-widget-container>.elementor-spacer>.elementor-spacer-inner,.e-con>.elementor-widget-spacer>.elementor-widget-container>.elementor-spacer>.elementor-spacer-inner{height:var(--container-widget-height,var(--spacer-size))}.e-con-inner>.elementor-widget-spacer.elementor-widget-empty,.e-con>.elementor-widget-spacer.elementor-widget-empty{position:relative;min-height:22px;min-width:22px}.e-con-inner>.elementor-widget-spacer.elementor-widget-empty .elementor-widget-empty-icon,.e-con>.elementor-widget-spacer.elementor-widget-empty .elementor-widget-empty-icon{position:absolute;top:0;bottom:0;left:0;right:0;margin:auto;padding:0;width:22px;height:22px}<\/style>\t\t<div class=\"elementor-spacer\">\n\t\t\t<div class=\"elementor-spacer-inner\"><\/div>\n\t\t<\/div>\n\t\t\t\t<\/div>\n\t\t\t\t<\/div>\n\t\t\t\t\t<\/div>\n\t\t\t\t<\/div>\n\t\t<div class=\"elementor-element elementor-element-3865752 e-flex e-con-boxed sc_inner_width_none sc_layouts_column_icons_position_left e-con e-parent\" data-id=\"3865752\" data-element_type=\"container\">\n\t\t\t\t\t<div class=\"e-con-inner\">\n\t\t<div class=\"elementor-element elementor-element-8628619 e-con-full e-flex sc_inner_width_none sc_layouts_column_icons_position_left e-con e-child\" data-id=\"8628619\" data-element_type=\"container\">\n\t\t\t\t<div class=\"elementor-element elementor-element-6f9979c sc_fly_static elementor-widget elementor-widget-heading\" data-id=\"6f9979c\" data-element_type=\"widget\" data-widget_type=\"heading.default\">\n\t\t\t\t<div class=\"elementor-widget-container\">\n\t\t\t<style>\/*! elementor - v3.23.0 - 05-08-2024 *\/\n.elementor-heading-title{padding:0;margin:0;line-height:1}.elementor-widget-heading .elementor-heading-title[class*=elementor-size-]>a{color:inherit;font-size:inherit;line-height:inherit}.elementor-widget-heading .elementor-heading-title.elementor-size-small{font-size:15px}.elementor-widget-heading .elementor-heading-title.elementor-size-medium{font-size:19px}.elementor-widget-heading .elementor-heading-title.elementor-size-large{font-size:29px}.elementor-widget-heading .elementor-heading-title.elementor-size-xl{font-size:39px}.elementor-widget-heading .elementor-heading-title.elementor-size-xxl{font-size:59px}<\/style><h6 class=\"elementor-heading-title elementor-size-default\">If you would like to get in touch with the Servant of God, please send your request by email, phone or via the contact form. We aim to respond to all requests within 24 hours on working days.<br><br>\n\nMail : partenariat@mireillelasme.com<br>\nPhone number : +33 7 66 57 38 33<\/h6>\t\t<\/div>\n\t\t\t\t<\/div>\n\t\t\t\t<div class=\"elementor-element elementor-element-98240fb sc_fly_static elementor-widget elementor-widget-image\" data-id=\"98240fb\" data-element_type=\"widget\" data-widget_type=\"image.default\">\n\t\t\t\t<div class=\"elementor-widget-container\">\n\t\t\t<style>\/*! elementor - v3.23.0 - 05-08-2024 *\/\n.elementor-widget-image{text-align:center}.elementor-widget-image a{display:inline-block}.elementor-widget-image a img[src$=\".svg\"]{width:48px}.elementor-widget-image img{vertical-align:middle;display:inline-block}<\/style>\t\t\t\t\t\t\t\t\t\t<img fetchpriority=\"high\" decoding=\"async\" width=\"683\" height=\"1024\" src=\"https:\/\/mireillelasme.com\/wp-content\/uploads\/2024\/09\/O1A1846--683x1024.jpg\" class=\"attachment-large size-large wp-image-637\" alt=\"\" srcset=\"https:\/\/mireillelasme.com\/wp-content\/uploads\/2024\/09\/O1A1846--683x1024.jpg 683w, https:\/\/mireillelasme.com\/wp-content\/uploads\/2024\/09\/O1A1846--200x300.jpg 200w, https:\/\/mireillelasme.com\/wp-content\/uploads\/2024\/09\/O1A1846--768x1152.jpg 768w, https:\/\/mireillelasme.com\/wp-content\/uploads\/2024\/09\/O1A1846--1024x1536.jpg 1024w, https:\/\/mireillelasme.com\/wp-content\/uploads\/2024\/09\/O1A1846--1365x2048.jpg 1365w, https:\/\/mireillelasme.com\/wp-content\/uploads\/2024\/09\/O1A1846--370x555.jpg 370w, https:\/\/mireillelasme.com\/wp-content\/uploads\/2024\/09\/O1A1846--840x1260.jpg 840w, https:\/\/mireillelasme.com\/wp-content\/uploads\/2024\/09\/O1A1846--410x615.jpg 410w, https:\/\/mireillelasme.com\/wp-content\/uploads\/2024\/09\/O1A1846--scaled.jpg 1707w\" sizes=\"(max-width: 683px) 100vw, 683px\" \/>\t\t\t\t\t\t\t\t\t\t\t\t\t<\/div>\n\t\t\t\t<\/div>\n\t\t\t\t<div class=\"elementor-element elementor-element-93d2702 sc_fly_static elementor-widget elementor-widget-spacer\" data-id=\"93d2702\" data-element_type=\"widget\" data-widget_type=\"spacer.default\">\n\t\t\t\t<div class=\"elementor-widget-container\">\n\t\t\t\t\t<div class=\"elementor-spacer\">\n\t\t\t<div class=\"elementor-spacer-inner\"><\/div>\n\t\t<\/div>\n\t\t\t\t<\/div>\n\t\t\t\t<\/div>\n\t\t\t\t<\/div>\n\t\t<div class=\"elementor-element elementor-element-aafada2 e-con-full e-flex sc_inner_width_none sc_layouts_column_icons_position_left e-con e-child\" data-id=\"aafada2\" data-element_type=\"container\">\n\t\t\t\t<div class=\"elementor-element elementor-element-94cf243 sc_fly_static elementor-widget elementor-widget-heading\" data-id=\"94cf243\" data-element_type=\"widget\" data-widget_type=\"heading.default\">\n\t\t\t\t<div class=\"elementor-widget-container\">\n\t\t\t<h2 class=\"elementor-heading-title elementor-size-default\">Contact form<\/h2>\t\t<\/div>\n\t\t\t\t<\/div>\n\t\t\t\t<div class=\"elementor-element elementor-element-4ab56a2 sc_fly_static elementor-widget elementor-widget-text-editor\" data-id=\"4ab56a2\" data-element_type=\"widget\" data-widget_type=\"text-editor.default\">\n\t\t\t\t<div class=\"elementor-widget-container\">\n\t\t\t<style>\/*! elementor - v3.23.0 - 05-08-2024 *\/\n.elementor-widget-text-editor.elementor-drop-cap-view-stacked .elementor-drop-cap{background-color:#69727d;color:#fff}.elementor-widget-text-editor.elementor-drop-cap-view-framed .elementor-drop-cap{color:#69727d;border:3px solid;background-color:transparent}.elementor-widget-text-editor:not(.elementor-drop-cap-view-default) .elementor-drop-cap{margin-top:8px}.elementor-widget-text-editor:not(.elementor-drop-cap-view-default) .elementor-drop-cap-letter{width:1em;height:1em}.elementor-widget-text-editor .elementor-drop-cap{float:left;text-align:center;line-height:1;font-size:50px}.elementor-widget-text-editor .elementor-drop-cap-letter{display:inline-block}<\/style>\t\t\t\t<p>\n<div class=\"wpcf7 no-js\" id=\"wpcf7-f108-p218-o1\" lang=\"fr-FR\" dir=\"ltr\">\n<div class=\"screen-reader-response\"><p role=\"status\" aria-live=\"polite\" aria-atomic=\"true\"><\/p> <ul><\/ul><\/div>\n<form action=\"https:\/\/mireillelasme.com\/en\/contact\/#wpcf7-f108-p218-o1\" method=\"post\" class=\"wpcf7-form init\" aria-label=\"Contact form\" novalidate=\"novalidate\" data-status=\"init\" data-trp-original-action=\"\/contact#wpcf7-f108-p218-o1\">\n<div style=\"display: none;\">\n<input type=\"hidden\" name=\"_wpcf7\" value=\"108\" \/>\n<input type=\"hidden\" name=\"_wpcf7_version\" value=\"5.9.8\" \/>\n<input type=\"hidden\" name=\"_wpcf7_locale\" value=\"fr_FR\" \/>\n<input type=\"hidden\" name=\"_wpcf7_unit_tag\" value=\"wpcf7-f108-p218-o1\" \/>\n<input type=\"hidden\" name=\"_wpcf7_container_post\" value=\"218\" \/>\n<input type=\"hidden\" name=\"_wpcf7_posted_data_hash\" value=\"\" \/>\n<\/div>\n<p><label> Your name<br \/>\n<span class=\"wpcf7-form-control-wrap\" data-name=\"your-name\"><input size=\"40\" maxlength=\"400\" class=\"wpcf7-form-control wpcf7-text wpcf7-validates-as-required\" autocomplete=\"name\" aria-required=\"true\" aria-invalid=\"false\" value=\"\" type=\"text\" name=\"your-name\" \/><\/span> <\/label>\n<\/p>\n<p><label> Your email<br \/>\n<span class=\"wpcf7-form-control-wrap\" data-name=\"your-email\"><input size=\"40\" maxlength=\"400\" class=\"wpcf7-form-control wpcf7-email wpcf7-validates-as-required wpcf7-text wpcf7-validates-as-email\" autocomplete=\"email\" aria-required=\"true\" aria-invalid=\"false\" value=\"\" type=\"email\" name=\"your-email\" \/><\/span> <\/label>\n<\/p>\n<p><label> Object<br \/>\n<span class=\"wpcf7-form-control-wrap\" data-name=\"your-subject\"><input size=\"40\" maxlength=\"400\" class=\"wpcf7-form-control wpcf7-text wpcf7-validates-as-required\" aria-required=\"true\" aria-invalid=\"false\" value=\"\" type=\"text\" name=\"your-subject\" \/><\/span> <\/label>\n<\/p>\n<p><label> Your message<br \/>\n<span class=\"wpcf7-form-control-wrap\" data-name=\"your-message\"><textarea cols=\"40\" rows=\"10\" maxlength=\"2000\" class=\"wpcf7-form-control wpcf7-textarea wpcf7-validates-as-required\" aria-required=\"true\" aria-invalid=\"false\" name=\"your-message\"><\/textarea><\/span> <\/label>\n<\/p>\n<p><input class=\"wpcf7-form-control wpcf7-submit has-spinner\" type=\"submit\" value=\"Send\" \/>\n<\/p><div class=\"wpcf7-response-output\" aria-hidden=\"true\"><\/div>\n<input type=\"hidden\" name=\"trp-form-language\" value=\"en\"\/><\/form>\n<\/div>\n<\/p>\t\t\t\t\t\t<\/div>\n\t\t\t\t<\/div>\n\t\t\t\t<\/div>\n\t\t\t\t\t<\/div>\n\t\t\t\t<\/div>\n\t\t<div class=\"elementor-element elementor-element-375920e e-flex e-con-boxed sc_inner_width_none sc_layouts_column_icons_position_left e-con e-parent\" data-id=\"375920e\" data-element_type=\"container\">\n\t\t\t\t\t<div class=\"e-con-inner\">\n\t\t\t\t<div class=\"elementor-element elementor-element-04b61eb sc_fly_static elementor-widget elementor-widget-spacer\" data-id=\"04b61eb\" data-element_type=\"widget\" data-widget_type=\"spacer.default\">\n\t\t\t\t<div class=\"elementor-widget-container\">\n\t\t\t\t\t<div class=\"elementor-spacer\">\n\t\t\t<div class=\"elementor-spacer-inner\"><\/div>\n\t\t<\/div>\n\t\t\t\t<\/div>\n\t\t\t\t<\/div>\n\t\t\t\t\t<\/div>\n\t\t\t\t<\/div>\n\t\t\t\t<\/div>","protected":false},"excerpt":{"rendered":"<p>Si vous souhaitez rentrer en contact avec la servante de Dieu, veuillez adresser votre demande par mail, t\u00e9l\u00e9phone ou via le formulaire de contact. Nous nous effor\u00e7ons de r\u00e9pondre \u00e0&hellip;<\/p>","protected":false},"author":1,"featured_media":0,"parent":0,"menu_order":0,"comment_status":"closed","ping_status":"closed","template":"elementor_theme","meta":{"footnotes":""},"class_list":["post-218","page","type-page","status-publish","hentry"],"yoast_head":"<!-- This site is optimized with the Yoast SEO plugin v24.3 - https:\/\/yoast.com\/wordpress\/plugins\/seo\/ -->\n<title>Contact - Mireille Lasme<\/title>\n<meta name=\"robots\" content=\"noindex, nofollow\" \/>\n<meta property=\"og:locale\" content=\"en_GB\" \/>\n<meta property=\"og:type\" content=\"article\" \/>\n<meta property=\"og:title\" content=\"Contact - Mireille Lasme\" \/>\n<meta property=\"og:description\" content=\"Si vous souhaitez rentrer en contact avec la servante de Dieu, veuillez adresser votre demande par mail, t\u00e9l\u00e9phone ou via le formulaire de contact. Nous nous effor\u00e7ons de r\u00e9pondre \u00e0&hellip;\" \/>\n<meta property=\"og:url\" content=\"https:\/\/mireillelasme.com\/en\/contact\/\" \/>\n<meta property=\"og:site_name\" content=\"Mireille Lasme\" \/>\n<meta property=\"article:publisher\" content=\"https:\/\/www.facebook.com\/servante.mireillelasme\" \/>\n<meta property=\"article:modified_time\" content=\"2025-01-27T15:02:20+00:00\" \/>\n<meta property=\"og:image\" content=\"https:\/\/mireillelasme.com\/wp-content\/uploads\/2024\/09\/O1A1846--683x1024.jpg\" \/>\n<meta name=\"twitter:card\" content=\"summary_large_image\" \/>\n<meta name=\"twitter:label1\" content=\"Estimated reading time\" \/>\n\t<meta name=\"twitter:data1\" content=\"1 minute\" \/>\n<script type=\"application\/ld+json\" class=\"yoast-schema-graph\">{\"@context\":\"https:\/\/schema.org\",\"@graph\":[{\"@type\":\"WebPage\",\"@id\":\"https:\/\/mireillelasme.com\/contact\",\"url\":\"https:\/\/mireillelasme.com\/contact\",\"name\":\"Contact - Mireille Lasme\",\"isPartOf\":{\"@id\":\"https:\/\/mireillelasme.com\/#website\"},\"primaryImageOfPage\":{\"@id\":\"https:\/\/mireillelasme.com\/contact#primaryimage\"},\"image\":{\"@id\":\"https:\/\/mireillelasme.com\/contact#primaryimage\"},\"thumbnailUrl\":\"https:\/\/mireillelasme.com\/wp-content\/uploads\/2024\/09\/O1A1846--683x1024.jpg\",\"datePublished\":\"2024-08-31T21:17:13+00:00\",\"dateModified\":\"2025-01-27T15:02:20+00:00\",\"breadcrumb\":{\"@id\":\"https:\/\/mireillelasme.com\/contact#breadcrumb\"},\"inLanguage\":\"en-GB\",\"potentialAction\":[{\"@type\":\"ReadAction\",\"target\":[\"https:\/\/mireillelasme.com\/contact\"]}]},{\"@type\":\"ImageObject\",\"inLanguage\":\"en-GB\",\"@id\":\"https:\/\/mireillelasme.com\/contact#primaryimage\",\"url\":\"https:\/\/mireillelasme.com\/wp-content\/uploads\/2024\/09\/O1A1846--683x1024.jpg\",\"contentUrl\":\"https:\/\/mireillelasme.com\/wp-content\/uploads\/2024\/09\/O1A1846--683x1024.jpg\"},{\"@type\":\"BreadcrumbList\",\"@id\":\"https:\/\/mireillelasme.com\/contact#breadcrumb\",\"itemListElement\":[{\"@type\":\"ListItem\",\"position\":1,\"name\":\"Accueil\",\"item\":\"https:\/\/mireillelasme.com\/\"},{\"@type\":\"ListItem\",\"position\":2,\"name\":\"Contact\"}]},{\"@type\":\"WebSite\",\"@id\":\"https:\/\/mireillelasme.com\/#website\",\"url\":\"https:\/\/mireillelasme.com\/\",\"name\":\"Mireille Lasme\",\"description\":\"\",\"publisher\":{\"@id\":\"https:\/\/mireillelasme.com\/#organization\"},\"potentialAction\":[{\"@type\":\"SearchAction\",\"target\":{\"@type\":\"EntryPoint\",\"urlTemplate\":\"https:\/\/mireillelasme.com\/?s={search_term_string}\"},\"query-input\":{\"@type\":\"PropertyValueSpecification\",\"valueRequired\":true,\"valueName\":\"search_term_string\"}}],\"inLanguage\":\"en-GB\"},{\"@type\":\"Organization\",\"@id\":\"https:\/\/mireillelasme.com\/#organization\",\"name\":\"Mireille Lasme\",\"url\":\"https:\/\/mireillelasme.com\/\",\"logo\":{\"@type\":\"ImageObject\",\"inLanguage\":\"en-GB\",\"@id\":\"https:\/\/mireillelasme.com\/#\/schema\/logo\/image\/\",\"url\":\"https:\/\/mireillelasme.com\/wp-content\/uploads\/2024\/08\/cropped-logo-mireille-lasme.webp\",\"contentUrl\":\"https:\/\/mireillelasme.com\/wp-content\/uploads\/2024\/08\/cropped-logo-mireille-lasme.webp\",\"width\":400,\"height\":160,\"caption\":\"Mireille Lasme\"},\"image\":{\"@id\":\"https:\/\/mireillelasme.com\/#\/schema\/logo\/image\/\"},\"sameAs\":[\"https:\/\/www.facebook.com\/servante.mireillelasme\",\"https:\/\/www.instagram.com\/mireillelasme\/\"]}]}<\/script>\n<!-- \/ Yoast SEO plugin. -->","yoast_head_json":{"title":"Contact - Mireille Lasme","robots":{"index":"noindex","follow":"nofollow"},"og_locale":"en_GB","og_type":"article","og_title":"Contact - Mireille Lasme","og_description":"Si vous souhaitez rentrer en contact avec la servante de Dieu, veuillez adresser votre demande par mail, t\u00e9l\u00e9phone ou via le formulaire de contact. Nous nous effor\u00e7ons de r\u00e9pondre \u00e0&hellip;","og_url":"https:\/\/mireillelasme.com\/en\/contact\/","og_site_name":"Mireille Lasme","article_publisher":"https:\/\/www.facebook.com\/servante.mireillelasme","article_modified_time":"2025-01-27T15:02:20+00:00","og_image":[{"url":"https:\/\/mireillelasme.com\/wp-content\/uploads\/2024\/09\/O1A1846--683x1024.jpg","type":"","width":"","height":""}],"twitter_card":"summary_large_image","twitter_misc":{"Estimated reading time":"1 minute"},"schema":{"@context":"https:\/\/schema.org","@graph":[{"@type":"WebPage","@id":"https:\/\/mireillelasme.com\/contact","url":"https:\/\/mireillelasme.com\/contact","name":"Contact - Mireille Lasme","isPartOf":{"@id":"https:\/\/mireillelasme.com\/#website"},"primaryImageOfPage":{"@id":"https:\/\/mireillelasme.com\/contact#primaryimage"},"image":{"@id":"https:\/\/mireillelasme.com\/contact#primaryimage"},"thumbnailUrl":"https:\/\/mireillelasme.com\/wp-content\/uploads\/2024\/09\/O1A1846--683x1024.jpg","datePublished":"2024-08-31T21:17:13+00:00","dateModified":"2025-01-27T15:02:20+00:00","breadcrumb":{"@id":"https:\/\/mireillelasme.com\/contact#breadcrumb"},"inLanguage":"en-GB","potentialAction":[{"@type":"ReadAction","target":["https:\/\/mireillelasme.com\/contact"]}]},{"@type":"ImageObject","inLanguage":"en-GB","@id":"https:\/\/mireillelasme.com\/contact#primaryimage","url":"https:\/\/mireillelasme.com\/wp-content\/uploads\/2024\/09\/O1A1846--683x1024.jpg","contentUrl":"https:\/\/mireillelasme.com\/wp-content\/uploads\/2024\/09\/O1A1846--683x1024.jpg"},{"@type":"BreadcrumbList","@id":"https:\/\/mireillelasme.com\/contact#breadcrumb","itemListElement":[{"@type":"ListItem","position":1,"name":"Accueil","item":"https:\/\/mireillelasme.com\/"},{"@type":"ListItem","position":2,"name":"Contact"}]},{"@type":"WebSite","@id":"https:\/\/mireillelasme.com\/#website","url":"https:\/\/mireillelasme.com\/","name":"Mireille Lasme","description":"","publisher":{"@id":"https:\/\/mireillelasme.com\/#organization"},"potentialAction":[{"@type":"SearchAction","target":{"@type":"EntryPoint","urlTemplate":"https:\/\/mireillelasme.com\/?s={search_term_string}"},"query-input":{"@type":"PropertyValueSpecification","valueRequired":true,"valueName":"search_term_string"}}],"inLanguage":"en-GB"},{"@type":"Organization","@id":"https:\/\/mireillelasme.com\/#organization","name":"Mireille Lasme","url":"https:\/\/mireillelasme.com\/","logo":{"@type":"ImageObject","inLanguage":"en-GB","@id":"https:\/\/mireillelasme.com\/#\/schema\/logo\/image\/","url":"https:\/\/mireillelasme.com\/wp-content\/uploads\/2024\/08\/cropped-logo-mireille-lasme.webp","contentUrl":"https:\/\/mireillelasme.com\/wp-content\/uploads\/2024\/08\/cropped-logo-mireille-lasme.webp","width":400,"height":160,"caption":"Mireille Lasme"},"image":{"@id":"https:\/\/mireillelasme.com\/#\/schema\/logo\/image\/"},"sameAs":["https:\/\/www.facebook.com\/servante.mireillelasme","https:\/\/www.instagram.com\/mireillelasme\/"]}]}},"_links":{"self":[{"href":"https:\/\/mireillelasme.com\/en\/wp-json\/wp\/v2\/pages\/218","targetHints":{"allow":["GET"]}}],"collection":[{"href":"https:\/\/mireillelasme.com\/en\/wp-json\/wp\/v2\/pages"}],"about":[{"href":"https:\/\/mireillelasme.com\/en\/wp-json\/wp\/v2\/types\/page"}],"author":[{"embeddable":true,"href":"https:\/\/mireillelasme.com\/en\/wp-json\/wp\/v2\/users\/1"}],"replies":[{"embeddable":true,"href":"https:\/\/mireillelasme.com\/en\/wp-json\/wp\/v2\/comments?post=218"}],"version-history":[{"count":76,"href":"https:\/\/mireillelasme.com\/en\/wp-json\/wp\/v2\/pages\/218\/revisions"}],"predecessor-version":[{"id":809,"href":"https:\/\/mireillelasme.com\/en\/wp-json\/wp\/v2\/pages\/218\/revisions\/809"}],"wp:attachment":[{"href":"https:\/\/mireillelasme.com\/en\/wp-json\/wp\/v2\/media?parent=218"}],"curies":[{"name":"wp","href":"https:\/\/api.w.org\/{rel}","templated":true}]}}