{"id":214,"date":"2024-08-31T21:14:53","date_gmt":"2024-08-31T21:14:53","guid":{"rendered":"https:\/\/mireillelasme.com\/?page_id=214"},"modified":"2024-09-08T21:21:56","modified_gmt":"2024-09-08T21:21:56","slug":"biography","status":"publish","type":"page","link":"https:\/\/mireillelasme.com\/en\/biography","title":{"rendered":"Biography"},"content":{"rendered":"<div data-elementor-type=\"wp-page\" data-elementor-id=\"214\" class=\"elementor elementor-214\">\n\t\t\t\t<div class=\"elementor-element elementor-element-78a7a6a e-con-full e-flex sc_inner_width_none sc_layouts_column_icons_position_left e-con e-parent\" data-id=\"78a7a6a\" data-element_type=\"container\" data-settings=\"{&quot;background_background&quot;:&quot;classic&quot;}\">\n\t\t<div class=\"e-con-gap-no elementor-element elementor-element-8d808b6 e-con-full e-flex sc_inner_width_none sc_layouts_column_icons_position_left e-con e-child\" data-id=\"8d808b6\" data-element_type=\"container\">\n\t\t\t\t<\/div>\n\t\t\t\t<\/div>\n\t\t<div class=\"elementor-element elementor-element-ca290b7 e-flex e-con-boxed sc_inner_width_none sc_layouts_column_icons_position_left e-con e-parent\" data-id=\"ca290b7\" data-element_type=\"container\">\n\t\t\t\t\t<div class=\"e-con-inner\">\n\t\t\t\t<div class=\"elementor-element elementor-element-2a76512 sc_fly_static elementor-widget elementor-widget-spacer\" data-id=\"2a76512\" data-element_type=\"widget\" data-widget_type=\"spacer.default\">\n\t\t\t\t<div class=\"elementor-widget-container\">\n\t\t\t<style>\/*! elementor - v3.23.0 - 05-08-2024 *\/\n.elementor-column .elementor-spacer-inner{height:var(--spacer-size)}.e-con{--container-widget-width:100%}.e-con-inner>.elementor-widget-spacer,.e-con>.elementor-widget-spacer{width:var(--container-widget-width,var(--spacer-size));--align-self:var(--container-widget-align-self,initial);--flex-shrink:0}.e-con-inner>.elementor-widget-spacer>.elementor-widget-container,.e-con>.elementor-widget-spacer>.elementor-widget-container{height:100%;width:100%}.e-con-inner>.elementor-widget-spacer>.elementor-widget-container>.elementor-spacer,.e-con>.elementor-widget-spacer>.elementor-widget-container>.elementor-spacer{height:100%}.e-con-inner>.elementor-widget-spacer>.elementor-widget-container>.elementor-spacer>.elementor-spacer-inner,.e-con>.elementor-widget-spacer>.elementor-widget-container>.elementor-spacer>.elementor-spacer-inner{height:var(--container-widget-height,var(--spacer-size))}.e-con-inner>.elementor-widget-spacer.elementor-widget-empty,.e-con>.elementor-widget-spacer.elementor-widget-empty{position:relative;min-height:22px;min-width:22px}.e-con-inner>.elementor-widget-spacer.elementor-widget-empty .elementor-widget-empty-icon,.e-con>.elementor-widget-spacer.elementor-widget-empty .elementor-widget-empty-icon{position:absolute;top:0;bottom:0;left:0;right:0;margin:auto;padding:0;width:22px;height:22px}<\/style>\t\t<div class=\"elementor-spacer\">\n\t\t\t<div class=\"elementor-spacer-inner\"><\/div>\n\t\t<\/div>\n\t\t\t\t<\/div>\n\t\t\t\t<\/div>\n\t\t\t\t\t<\/div>\n\t\t\t\t<\/div>\n\t\t<div class=\"elementor-element elementor-element-33dff28 e-flex e-con-boxed sc_inner_width_none sc_layouts_column_icons_position_left e-con e-parent\" data-id=\"33dff28\" data-element_type=\"container\">\n\t\t\t\t\t<div class=\"e-con-inner\">\n\t\t<div class=\"elementor-element elementor-element-f4d7acf e-con-full e-flex sc_inner_width_none sc_layouts_column_icons_position_left e-con e-child\" data-id=\"f4d7acf\" data-element_type=\"container\">\n\t\t<div class=\"elementor-element elementor-element-fd67756 e-con-full e-flex sc_inner_width_none sc_layouts_column_icons_position_left e-con e-child\" data-id=\"fd67756\" data-element_type=\"container\">\n\t\t\t\t<div class=\"elementor-element elementor-element-844929d sc_fly_static elementor-widget elementor-widget-heading\" data-id=\"844929d\" data-element_type=\"widget\" data-widget_type=\"heading.default\">\n\t\t\t\t<div class=\"elementor-widget-container\">\n\t\t\t<style>\/*! elementor - v3.23.0 - 05-08-2024 *\/\n.elementor-heading-title{padding:0;margin:0;line-height:1}.elementor-widget-heading .elementor-heading-title[class*=elementor-size-]>a{color:inherit;font-size:inherit;line-height:inherit}.elementor-widget-heading .elementor-heading-title.elementor-size-small{font-size:15px}.elementor-widget-heading .elementor-heading-title.elementor-size-medium{font-size:19px}.elementor-widget-heading .elementor-heading-title.elementor-size-large{font-size:29px}.elementor-widget-heading .elementor-heading-title.elementor-size-xl{font-size:39px}.elementor-widget-heading .elementor-heading-title.elementor-size-xxl{font-size:59px}<\/style><h3 class=\"elementor-heading-title elementor-size-default\">Biography<\/h3>\t\t<\/div>\n\t\t\t\t<\/div>\n\t\t\t\t<div class=\"elementor-element elementor-element-188ae6f sc_fly_static elementor-widget elementor-widget-spacer\" data-id=\"188ae6f\" data-element_type=\"widget\" data-widget_type=\"spacer.default\">\n\t\t\t\t<div class=\"elementor-widget-container\">\n\t\t\t\t\t<div class=\"elementor-spacer\">\n\t\t\t<div class=\"elementor-spacer-inner\"><\/div>\n\t\t<\/div>\n\t\t\t\t<\/div>\n\t\t\t\t<\/div>\n\t\t\t\t<div class=\"elementor-element elementor-element-da4a199 sc_fly_static elementor-widget elementor-widget-heading\" data-id=\"da4a199\" data-element_type=\"widget\" data-widget_type=\"heading.default\">\n\t\t\t\t<div class=\"elementor-widget-container\">\n\t\t\t<h4 class=\"elementor-heading-title elementor-size-default translation-block\"><b>Mireille Lasme<\/b> is a Christian singer-songwriter. An artist in her own right, she released her first single \u201cC'est avec Joie\u201d in 2017, an ode to her love and commitment to God. Every trial led her to confidently say that it is with joy that she chooses Jesus; it is a declaration. \u201cC'est avec Joie\u201d was followed in 2018 by \u2018J\u00e9sus t'aime\u2019, very simple words, but powerful, because nothing is deeper than God's love for us.<\/h4>\t\t<\/div>\n\t\t\t\t<\/div>\n\t\t\t\t<div class=\"elementor-element elementor-element-20986e5 sc_fly_static elementor-widget elementor-widget-spacer\" data-id=\"20986e5\" data-element_type=\"widget\" data-widget_type=\"spacer.default\">\n\t\t\t\t<div class=\"elementor-widget-container\">\n\t\t\t\t\t<div class=\"elementor-spacer\">\n\t\t\t<div class=\"elementor-spacer-inner\"><\/div>\n\t\t<\/div>\n\t\t\t\t<\/div>\n\t\t\t\t<\/div>\n\t\t\t\t<\/div>\n\t\t<div class=\"elementor-element elementor-element-e14524b e-con-full e-flex sc_inner_width_none sc_layouts_column_icons_position_left e-con e-child\" data-id=\"e14524b\" data-element_type=\"container\">\n\t\t\t\t<div class=\"elementor-element elementor-element-cbf9c89 sc_fly_static elementor-widget elementor-widget-image\" data-id=\"cbf9c89\" data-element_type=\"widget\" data-widget_type=\"image.default\">\n\t\t\t\t<div class=\"elementor-widget-container\">\n\t\t\t<style>\/*! elementor - v3.23.0 - 05-08-2024 *\/\n.elementor-widget-image{text-align:center}.elementor-widget-image a{display:inline-block}.elementor-widget-image a img[src$=\".svg\"]{width:48px}.elementor-widget-image img{vertical-align:middle;display:inline-block}<\/style>\t\t\t\t\t\t\t\t\t\t<img fetchpriority=\"high\" decoding=\"async\" width=\"1080\" height=\"1620\" src=\"https:\/\/mireillelasme.com\/wp-content\/uploads\/2024\/09\/mireille-lasme-photo.webp\" class=\"attachment-full size-full wp-image-570\" alt=\"\" srcset=\"https:\/\/mireillelasme.com\/wp-content\/uploads\/2024\/09\/mireille-lasme-photo.webp 1080w, https:\/\/mireillelasme.com\/wp-content\/uploads\/2024\/09\/mireille-lasme-photo-200x300.webp 200w, https:\/\/mireillelasme.com\/wp-content\/uploads\/2024\/09\/mireille-lasme-photo-683x1024.webp 683w, https:\/\/mireillelasme.com\/wp-content\/uploads\/2024\/09\/mireille-lasme-photo-768x1152.webp 768w, https:\/\/mireillelasme.com\/wp-content\/uploads\/2024\/09\/mireille-lasme-photo-1024x1536.webp 1024w, https:\/\/mireillelasme.com\/wp-content\/uploads\/2024\/09\/mireille-lasme-photo-370x555.webp 370w, https:\/\/mireillelasme.com\/wp-content\/uploads\/2024\/09\/mireille-lasme-photo-840x1260.webp 840w, https:\/\/mireillelasme.com\/wp-content\/uploads\/2024\/09\/mireille-lasme-photo-410x615.webp 410w\" sizes=\"(max-width: 1080px) 100vw, 1080px\" \/>\t\t\t\t\t\t\t\t\t\t\t\t\t<\/div>\n\t\t\t\t<\/div>\n\t\t\t\t<\/div>\n\t\t\t\t<\/div>\n\t\t\t\t\t<\/div>\n\t\t\t\t<\/div>\n\t\t<div class=\"elementor-element elementor-element-a6ddc4d e-flex e-con-boxed sc_inner_width_none sc_layouts_column_icons_position_left e-con e-parent\" data-id=\"a6ddc4d\" data-element_type=\"container\">\n\t\t\t\t\t<div class=\"e-con-inner\">\n\t\t<div class=\"elementor-element elementor-element-1a74123 e-con-full e-flex sc_inner_width_none sc_layouts_column_icons_position_left e-con e-child\" data-id=\"1a74123\" data-element_type=\"container\">\n\t\t\t\t<div class=\"elementor-element elementor-element-9b8bbe7 sc_fly_static elementor-widget elementor-widget-spacer\" data-id=\"9b8bbe7\" data-element_type=\"widget\" data-widget_type=\"spacer.default\">\n\t\t\t\t<div class=\"elementor-widget-container\">\n\t\t\t\t\t<div class=\"elementor-spacer\">\n\t\t\t<div class=\"elementor-spacer-inner\"><\/div>\n\t\t<\/div>\n\t\t\t\t<\/div>\n\t\t\t\t<\/div>\n\t\t\t\t<div class=\"elementor-element elementor-element-4d0761e sc_fly_static elementor-widget elementor-widget-image\" data-id=\"4d0761e\" data-element_type=\"widget\" data-widget_type=\"image.default\">\n\t\t\t\t<div class=\"elementor-widget-container\">\n\t\t\t\t\t\t\t\t\t\t\t\t\t<img decoding=\"async\" width=\"1080\" height=\"1620\" src=\"https:\/\/mireillelasme.com\/wp-content\/uploads\/2024\/09\/mireille-lasme-bio.webp\" class=\"attachment-full size-full wp-image-574\" alt=\"\" srcset=\"https:\/\/mireillelasme.com\/wp-content\/uploads\/2024\/09\/mireille-lasme-bio.webp 1080w, https:\/\/mireillelasme.com\/wp-content\/uploads\/2024\/09\/mireille-lasme-bio-200x300.webp 200w, https:\/\/mireillelasme.com\/wp-content\/uploads\/2024\/09\/mireille-lasme-bio-683x1024.webp 683w, https:\/\/mireillelasme.com\/wp-content\/uploads\/2024\/09\/mireille-lasme-bio-768x1152.webp 768w, https:\/\/mireillelasme.com\/wp-content\/uploads\/2024\/09\/mireille-lasme-bio-1024x1536.webp 1024w, https:\/\/mireillelasme.com\/wp-content\/uploads\/2024\/09\/mireille-lasme-bio-370x555.webp 370w, https:\/\/mireillelasme.com\/wp-content\/uploads\/2024\/09\/mireille-lasme-bio-840x1260.webp 840w, https:\/\/mireillelasme.com\/wp-content\/uploads\/2024\/09\/mireille-lasme-bio-410x615.webp 410w\" sizes=\"(max-width: 1080px) 100vw, 1080px\" \/>\t\t\t\t\t\t\t\t\t\t\t\t\t<\/div>\n\t\t\t\t<\/div>\n\t\t\t\t<\/div>\n\t\t<div class=\"elementor-element elementor-element-87cb81a e-con-full e-flex sc_inner_width_none sc_layouts_column_icons_position_left e-con e-child\" data-id=\"87cb81a\" data-element_type=\"container\">\n\t\t\t\t<div class=\"elementor-element elementor-element-a5226fd sc_fly_static elementor-widget elementor-widget-spacer\" data-id=\"a5226fd\" data-element_type=\"widget\" data-widget_type=\"spacer.default\">\n\t\t\t\t<div class=\"elementor-widget-container\">\n\t\t\t\t\t<div class=\"elementor-spacer\">\n\t\t\t<div class=\"elementor-spacer-inner\"><\/div>\n\t\t<\/div>\n\t\t\t\t<\/div>\n\t\t\t\t<\/div>\n\t\t\t\t<div class=\"elementor-element elementor-element-aa89774 sc_fly_static elementor-widget elementor-widget-heading\" data-id=\"aa89774\" data-element_type=\"widget\" data-widget_type=\"heading.default\">\n\t\t\t\t<div class=\"elementor-widget-container\">\n\t\t\t<h4 class=\"elementor-heading-title elementor-size-default\">Mother of three wonderful children, wife of the man of God Pastor Andr\u00e9 Lasme, Prophetess Mireille Lasme released a new EP in 2020 with music exclusives, some with African rhythms inspired by her first \u201cLove &amp; Forgiveness\u201d Festival in Nigeria, and others that paint a picture of our Christian walk, its ups and downs, our difficulties, our victories, but above all our guaranteed.<\/h4>\t\t<\/div>\n\t\t\t\t<\/div>\n\t\t\t\t<\/div>\n\t\t\t\t\t<\/div>\n\t\t\t\t<\/div>\n\t\t<div class=\"elementor-element elementor-element-0833c19 e-flex e-con-boxed sc_inner_width_none sc_layouts_column_icons_position_left e-con e-parent\" data-id=\"0833c19\" data-element_type=\"container\">\n\t\t\t\t\t<div class=\"e-con-inner\">\n\t\t\t\t<div class=\"elementor-element elementor-element-da09aa9 sc_fly_static elementor-widget elementor-widget-spacer\" data-id=\"da09aa9\" data-element_type=\"widget\" data-widget_type=\"spacer.default\">\n\t\t\t\t<div class=\"elementor-widget-container\">\n\t\t\t\t\t<div class=\"elementor-spacer\">\n\t\t\t<div class=\"elementor-spacer-inner\"><\/div>\n\t\t<\/div>\n\t\t\t\t<\/div>\n\t\t\t\t<\/div>\n\t\t\t\t\t<\/div>\n\t\t\t\t<\/div>\n\t\t\t\t<\/div>","protected":false},"excerpt":{"rendered":"<p>Biographie Mireille Lasme est une chanteuse-compositrice chr\u00e9tienne. Artiste \u00e0 part enti\u00e8re, elle a sorti son premier single &#8220;C&#8217;est avec Joie&#8221; en 2017, une ode \u00e0 son amour et \u00e0 son&hellip;<\/p>","protected":false},"author":1,"featured_media":0,"parent":0,"menu_order":0,"comment_status":"closed","ping_status":"closed","template":"","meta":{"footnotes":""},"class_list":["post-214","page","type-page","status-publish","hentry"],"yoast_head":"<!-- This site is optimized with the Yoast SEO plugin v24.3 - https:\/\/yoast.com\/wordpress\/plugins\/seo\/ -->\n<title>Biographie - Mireille Lasme<\/title>\n<meta name=\"robots\" content=\"index, follow, max-snippet:-1, max-image-preview:large, max-video-preview:-1\" \/>\n<link rel=\"canonical\" href=\"https:\/\/mireillelasme.com\/en\/biography\" \/>\n<meta property=\"og:locale\" content=\"en_GB\" \/>\n<meta property=\"og:type\" content=\"article\" \/>\n<meta property=\"og:title\" content=\"Biographie - Mireille Lasme\" \/>\n<meta property=\"og:description\" content=\"Biographie Mireille Lasme est une chanteuse-compositrice chr\u00e9tienne. Artiste \u00e0 part enti\u00e8re, elle a sorti son premier single &#8220;C&#8217;est avec Joie&#8221; en 2017, une ode \u00e0 son amour et \u00e0 son&hellip;\" \/>\n<meta property=\"og:url\" content=\"https:\/\/mireillelasme.com\/en\/biography\" \/>\n<meta property=\"og:site_name\" content=\"Mireille Lasme\" \/>\n<meta property=\"article:publisher\" content=\"https:\/\/www.facebook.com\/servante.mireillelasme\" \/>\n<meta property=\"article:modified_time\" content=\"2024-09-08T21:21:56+00:00\" \/>\n<meta property=\"og:image\" content=\"https:\/\/mireillelasme.com\/wp-content\/uploads\/2024\/09\/mireille-lasme-photo.webp\" \/>\n<meta name=\"twitter:card\" content=\"summary_large_image\" \/>\n<meta name=\"twitter:label1\" content=\"Estimated reading time\" \/>\n\t<meta name=\"twitter:data1\" content=\"1 minute\" \/>\n<script type=\"application\/ld+json\" class=\"yoast-schema-graph\">{\"@context\":\"https:\/\/schema.org\",\"@graph\":[{\"@type\":\"WebPage\",\"@id\":\"https:\/\/mireillelasme.com\/en\/biography\",\"url\":\"https:\/\/mireillelasme.com\/en\/biography\",\"name\":\"Biographie - Mireille Lasme\",\"isPartOf\":{\"@id\":\"https:\/\/mireillelasme.com\/#website\"},\"primaryImageOfPage\":{\"@id\":\"https:\/\/mireillelasme.com\/en\/biography#primaryimage\"},\"image\":{\"@id\":\"https:\/\/mireillelasme.com\/en\/biography#primaryimage\"},\"thumbnailUrl\":\"https:\/\/mireillelasme.com\/wp-content\/uploads\/2024\/09\/mireille-lasme-photo.webp\",\"datePublished\":\"2024-08-31T21:14:53+00:00\",\"dateModified\":\"2024-09-08T21:21:56+00:00\",\"breadcrumb\":{\"@id\":\"https:\/\/mireillelasme.com\/en\/biography#breadcrumb\"},\"inLanguage\":\"en-GB\",\"potentialAction\":[{\"@type\":\"ReadAction\",\"target\":[\"https:\/\/mireillelasme.com\/en\/biography\"]}]},{\"@type\":\"ImageObject\",\"inLanguage\":\"en-GB\",\"@id\":\"https:\/\/mireillelasme.com\/en\/biography#primaryimage\",\"url\":\"https:\/\/mireillelasme.com\/wp-content\/uploads\/2024\/09\/mireille-lasme-photo.webp\",\"contentUrl\":\"https:\/\/mireillelasme.com\/wp-content\/uploads\/2024\/09\/mireille-lasme-photo.webp\"},{\"@type\":\"BreadcrumbList\",\"@id\":\"https:\/\/mireillelasme.com\/en\/biography#breadcrumb\",\"itemListElement\":[{\"@type\":\"ListItem\",\"position\":1,\"name\":\"Accueil\",\"item\":\"https:\/\/mireillelasme.com\/\"},{\"@type\":\"ListItem\",\"position\":2,\"name\":\"Biographie\"}]},{\"@type\":\"WebSite\",\"@id\":\"https:\/\/mireillelasme.com\/#website\",\"url\":\"https:\/\/mireillelasme.com\/\",\"name\":\"Mireille Lasme\",\"description\":\"\",\"publisher\":{\"@id\":\"https:\/\/mireillelasme.com\/#organization\"},\"potentialAction\":[{\"@type\":\"SearchAction\",\"target\":{\"@type\":\"EntryPoint\",\"urlTemplate\":\"https:\/\/mireillelasme.com\/?s={search_term_string}\"},\"query-input\":{\"@type\":\"PropertyValueSpecification\",\"valueRequired\":true,\"valueName\":\"search_term_string\"}}],\"inLanguage\":\"en-GB\"},{\"@type\":\"Organization\",\"@id\":\"https:\/\/mireillelasme.com\/#organization\",\"name\":\"Mireille Lasme\",\"url\":\"https:\/\/mireillelasme.com\/\",\"logo\":{\"@type\":\"ImageObject\",\"inLanguage\":\"en-GB\",\"@id\":\"https:\/\/mireillelasme.com\/#\/schema\/logo\/image\/\",\"url\":\"https:\/\/mireillelasme.com\/wp-content\/uploads\/2024\/08\/cropped-logo-mireille-lasme.webp\",\"contentUrl\":\"https:\/\/mireillelasme.com\/wp-content\/uploads\/2024\/08\/cropped-logo-mireille-lasme.webp\",\"width\":400,\"height\":160,\"caption\":\"Mireille Lasme\"},\"image\":{\"@id\":\"https:\/\/mireillelasme.com\/#\/schema\/logo\/image\/\"},\"sameAs\":[\"https:\/\/www.facebook.com\/servante.mireillelasme\",\"https:\/\/www.instagram.com\/mireillelasme\/\"]}]}<\/script>\n<!-- \/ Yoast SEO plugin. -->","yoast_head_json":{"title":"Biographie - Mireille Lasme","robots":{"index":"index","follow":"follow","max-snippet":"max-snippet:-1","max-image-preview":"max-image-preview:large","max-video-preview":"max-video-preview:-1"},"canonical":"https:\/\/mireillelasme.com\/en\/biography","og_locale":"en_GB","og_type":"article","og_title":"Biographie - Mireille Lasme","og_description":"Biographie Mireille Lasme est une chanteuse-compositrice chr\u00e9tienne. Artiste \u00e0 part enti\u00e8re, elle a sorti son premier single &#8220;C&#8217;est avec Joie&#8221; en 2017, une ode \u00e0 son amour et \u00e0 son&hellip;","og_url":"https:\/\/mireillelasme.com\/en\/biography","og_site_name":"Mireille Lasme","article_publisher":"https:\/\/www.facebook.com\/servante.mireillelasme","article_modified_time":"2024-09-08T21:21:56+00:00","og_image":[{"url":"https:\/\/mireillelasme.com\/wp-content\/uploads\/2024\/09\/mireille-lasme-photo.webp","type":"","width":"","height":""}],"twitter_card":"summary_large_image","twitter_misc":{"Estimated reading time":"1 minute"},"schema":{"@context":"https:\/\/schema.org","@graph":[{"@type":"WebPage","@id":"https:\/\/mireillelasme.com\/en\/biography","url":"https:\/\/mireillelasme.com\/en\/biography","name":"Biographie - Mireille Lasme","isPartOf":{"@id":"https:\/\/mireillelasme.com\/#website"},"primaryImageOfPage":{"@id":"https:\/\/mireillelasme.com\/en\/biography#primaryimage"},"image":{"@id":"https:\/\/mireillelasme.com\/en\/biography#primaryimage"},"thumbnailUrl":"https:\/\/mireillelasme.com\/wp-content\/uploads\/2024\/09\/mireille-lasme-photo.webp","datePublished":"2024-08-31T21:14:53+00:00","dateModified":"2024-09-08T21:21:56+00:00","breadcrumb":{"@id":"https:\/\/mireillelasme.com\/en\/biography#breadcrumb"},"inLanguage":"en-GB","potentialAction":[{"@type":"ReadAction","target":["https:\/\/mireillelasme.com\/en\/biography"]}]},{"@type":"ImageObject","inLanguage":"en-GB","@id":"https:\/\/mireillelasme.com\/en\/biography#primaryimage","url":"https:\/\/mireillelasme.com\/wp-content\/uploads\/2024\/09\/mireille-lasme-photo.webp","contentUrl":"https:\/\/mireillelasme.com\/wp-content\/uploads\/2024\/09\/mireille-lasme-photo.webp"},{"@type":"BreadcrumbList","@id":"https:\/\/mireillelasme.com\/en\/biography#breadcrumb","itemListElement":[{"@type":"ListItem","position":1,"name":"Accueil","item":"https:\/\/mireillelasme.com\/"},{"@type":"ListItem","position":2,"name":"Biographie"}]},{"@type":"WebSite","@id":"https:\/\/mireillelasme.com\/#website","url":"https:\/\/mireillelasme.com\/","name":"Mireille Lasme","description":"","publisher":{"@id":"https:\/\/mireillelasme.com\/#organization"},"potentialAction":[{"@type":"SearchAction","target":{"@type":"EntryPoint","urlTemplate":"https:\/\/mireillelasme.com\/?s={search_term_string}"},"query-input":{"@type":"PropertyValueSpecification","valueRequired":true,"valueName":"search_term_string"}}],"inLanguage":"en-GB"},{"@type":"Organization","@id":"https:\/\/mireillelasme.com\/#organization","name":"Mireille Lasme","url":"https:\/\/mireillelasme.com\/","logo":{"@type":"ImageObject","inLanguage":"en-GB","@id":"https:\/\/mireillelasme.com\/#\/schema\/logo\/image\/","url":"https:\/\/mireillelasme.com\/wp-content\/uploads\/2024\/08\/cropped-logo-mireille-lasme.webp","contentUrl":"https:\/\/mireillelasme.com\/wp-content\/uploads\/2024\/08\/cropped-logo-mireille-lasme.webp","width":400,"height":160,"caption":"Mireille Lasme"},"image":{"@id":"https:\/\/mireillelasme.com\/#\/schema\/logo\/image\/"},"sameAs":["https:\/\/www.facebook.com\/servante.mireillelasme","https:\/\/www.instagram.com\/mireillelasme\/"]}]}},"_links":{"self":[{"href":"https:\/\/mireillelasme.com\/en\/wp-json\/wp\/v2\/pages\/214","targetHints":{"allow":["GET"]}}],"collection":[{"href":"https:\/\/mireillelasme.com\/en\/wp-json\/wp\/v2\/pages"}],"about":[{"href":"https:\/\/mireillelasme.com\/en\/wp-json\/wp\/v2\/types\/page"}],"author":[{"embeddable":true,"href":"https:\/\/mireillelasme.com\/en\/wp-json\/wp\/v2\/users\/1"}],"replies":[{"embeddable":true,"href":"https:\/\/mireillelasme.com\/en\/wp-json\/wp\/v2\/comments?post=214"}],"version-history":[{"count":22,"href":"https:\/\/mireillelasme.com\/en\/wp-json\/wp\/v2\/pages\/214\/revisions"}],"predecessor-version":[{"id":806,"href":"https:\/\/mireillelasme.com\/en\/wp-json\/wp\/v2\/pages\/214\/revisions\/806"}],"wp:attachment":[{"href":"https:\/\/mireillelasme.com\/en\/wp-json\/wp\/v2\/media?parent=214"}],"curies":[{"name":"wp","href":"https:\/\/api.w.org\/{rel}","templated":true}]}}